{"id":26777,"date":"2019-07-10T11:41:32","date_gmt":"2019-07-10T09:41:32","guid":{"rendered":"https:\/\/www.csl.lu\/?page_id=26777"},"modified":"2023-07-07T10:06:34","modified_gmt":"2023-07-07T08:06:34","slug":"entsendung-von-arbeitnehmern","status":"publish","type":"page","link":"https:\/\/www.csl.lu\/de\/ihre-rechte\/arbeitnehmer\/entsendung-von-arbeitnehmern\/","title":{"rendered":"Entsendung von Arbeitnehmern"},"content":{"rendered":"","protected":false},"excerpt":{"rendered":"","protected":false},"author":1,"featured_media":0,"parent":26742,"menu_order":10,"comment_status":"closed","ping_status":"closed","template":"template-content_multi_table.php","meta":{"_acf_changed":false,"_tec_requires_first_save":true,"inline_featured_image":false,"_price":"","_stock":"","_tribe_ticket_header":"","_tribe_default_ticket_provider":"","_tribe_ticket_capacity":"0","_ticket_start_date":"","_ticket_end_date":"","_tribe_ticket_show_description":"","_tribe_ticket_show_not_going":false,"_tribe_ticket_use_global_stock":"","_tribe_ticket_global_stock_level":"","_global_stock_mode":"","_global_stock_cap":"","_tribe_rsvp_for_event":"","_tribe_ticket_going_count":"","_tribe_ticket_not_going_count":"","_tribe_tickets_list":"[]","_tribe_ticket_has_attendee_info_fields":false,"_EventAllDay":false,"_EventTimezone":"","_EventStartDate":"","_EventEndDate":"","_EventStartDateUTC":"","_EventEndDateUTC":"","_EventShowMap":false,"_EventShowMapLink":false,"_EventURL":"","_EventCost":"","_EventCostDescription":"","_EventCurrencySymbol":"","_EventCurrencyCode":"","_EventCurrencyPosition":"","_EventDateTimeSeparator":"","_EventTimeRangeSeparator":"","_EventOrganizerID":[],"_EventVenueID":[],"_OrganizerEmail":"","_OrganizerPhone":"","_OrganizerWebsite":"","_VenueAddress":"","_VenueCity":"","_VenueCountry":"","_VenueProvince":"","_VenueState":"","_VenueZip":"","_VenuePhone":"","_VenueURL":"","_VenueStateProvince":"","_VenueLat":"","_VenueLng":"","_VenueShowMap":false,"_VenueShowMapLink":false,"_tribe_blocks_recurrence_rules":"","_tribe_blocks_recurrence_description":"","_tribe_blocks_recurrence_exclusions":"","footnotes":""},"class_list":["post-26777","page","type-page","status-publish","hentry","page_site-csl"],"acf":[],"yoast_head":"<!-- This site is optimized with the Yoast SEO plugin v27.2 - https:\/\/yoast.com\/product\/yoast-seo-wordpress\/ -->\n<title>Entsendung von Arbeitnehmern - Chambre des salari\u00e9s - CSL<\/title>\n<meta name=\"robots\" content=\"index, follow, max-snippet:-1, max-image-preview:large, max-video-preview:-1\" \/>\n<link rel=\"canonical\" href=\"https:\/\/www.csl.lu\/de\/ihre-rechte\/arbeitnehmer\/entsendung-von-arbeitnehmern\/\" \/>\n<meta property=\"og:locale\" content=\"de_DE\" \/>\n<meta property=\"og:type\" content=\"article\" \/>\n<meta property=\"og:title\" content=\"Entsendung von Arbeitnehmern - Chambre des salari\u00e9s - CSL\" \/>\n<meta property=\"og:url\" content=\"https:\/\/www.csl.lu\/de\/ihre-rechte\/arbeitnehmer\/entsendung-von-arbeitnehmern\/\" \/>\n<meta property=\"og:site_name\" content=\"Chambre des salari\u00e9s - CSL\" \/>\n<meta property=\"article:modified_time\" content=\"2023-07-07T08:06:34+00:00\" \/>\n<meta property=\"og:image\" content=\"https:\/\/www.csl.lu\/app\/uploads\/2020\/03\/adobestock_256059256-scaled.jpeg\" \/>\n<meta name=\"twitter:card\" content=\"summary_large_image\" \/>\n<meta name=\"twitter:image\" content=\"https:\/\/www.csl.lu\/app\/uploads\/2020\/03\/adobestock_256059256-scaled.jpeg\" \/>\n<script type=\"application\/ld+json\" class=\"yoast-schema-graph\">{\"@context\":\"https:\/\/schema.org\",\"@graph\":[{\"@type\":\"WebPage\",\"@id\":\"https:\/\/www.csl.lu\/de\/ihre-rechte\/arbeitnehmer\/entsendung-von-arbeitnehmern\/\",\"url\":\"https:\/\/www.csl.lu\/de\/ihre-rechte\/arbeitnehmer\/entsendung-von-arbeitnehmern\/\",\"name\":\"Entsendung von Arbeitnehmern - Chambre des salari\u00e9s - CSL\",\"isPartOf\":{\"@id\":\"https:\/\/www.csl.lu\/fr\/#website\"},\"datePublished\":\"2019-07-10T09:41:32+00:00\",\"dateModified\":\"2023-07-07T08:06:34+00:00\",\"breadcrumb\":{\"@id\":\"https:\/\/www.csl.lu\/de\/ihre-rechte\/arbeitnehmer\/entsendung-von-arbeitnehmern\/#breadcrumb\"},\"inLanguage\":\"de-DE\",\"potentialAction\":[{\"@type\":\"ReadAction\",\"target\":[\"https:\/\/www.csl.lu\/de\/ihre-rechte\/arbeitnehmer\/entsendung-von-arbeitnehmern\/\"]}]},{\"@type\":\"BreadcrumbList\",\"@id\":\"https:\/\/www.csl.lu\/de\/ihre-rechte\/arbeitnehmer\/entsendung-von-arbeitnehmern\/#breadcrumb\",\"itemListElement\":[{\"@type\":\"ListItem\",\"position\":1,\"name\":\"Startseite\",\"item\":\"https:\/\/www.csl.lu\/de\/\"},{\"@type\":\"ListItem\",\"position\":2,\"name\":\"Ihre Rechte\",\"item\":\"https:\/\/www.csl.lu\/de\/ihre-rechte\/\"},{\"@type\":\"ListItem\",\"position\":3,\"name\":\"Arbeitnehmer\",\"item\":\"https:\/\/www.csl.lu\/de\/ihre-rechte\/arbeitnehmer\/\"},{\"@type\":\"ListItem\",\"position\":4,\"name\":\"Entsendung von Arbeitnehmern\"}]},{\"@type\":\"WebSite\",\"@id\":\"https:\/\/www.csl.lu\/fr\/#website\",\"url\":\"https:\/\/www.csl.lu\/fr\/\",\"name\":\"Chambre des salari\u00e9s - CSL\",\"description\":\"La CSL d\u00e9fend les int\u00e9r\u00eats des salari\u00e9s et des retrait\u00e9s\",\"potentialAction\":[{\"@type\":\"SearchAction\",\"target\":{\"@type\":\"EntryPoint\",\"urlTemplate\":\"https:\/\/www.csl.lu\/fr\/?s={search_term_string}\"},\"query-input\":{\"@type\":\"PropertyValueSpecification\",\"valueRequired\":true,\"valueName\":\"search_term_string\"}}],\"inLanguage\":\"de-DE\"}]}<\/script>\n<!-- \/ Yoast SEO plugin. -->","yoast_head_json":{"title":"Entsendung von Arbeitnehmern - Chambre des salari\u00e9s - CSL","robots":{"index":"index","follow":"follow","max-snippet":"max-snippet:-1","max-image-preview":"max-image-preview:large","max-video-preview":"max-video-preview:-1"},"canonical":"https:\/\/www.csl.lu\/de\/ihre-rechte\/arbeitnehmer\/entsendung-von-arbeitnehmern\/","og_locale":"de_DE","og_type":"article","og_title":"Entsendung von Arbeitnehmern - Chambre des salari\u00e9s - CSL","og_url":"https:\/\/www.csl.lu\/de\/ihre-rechte\/arbeitnehmer\/entsendung-von-arbeitnehmern\/","og_site_name":"Chambre des salari\u00e9s - CSL","article_modified_time":"2023-07-07T08:06:34+00:00","og_image":[{"url":"https:\/\/www.csl.lu\/app\/uploads\/2020\/03\/adobestock_256059256-scaled.jpeg","type":"","width":"","height":""}],"twitter_card":"summary_large_image","twitter_image":"https:\/\/www.csl.lu\/app\/uploads\/2020\/03\/adobestock_256059256-scaled.jpeg","schema":{"@context":"https:\/\/schema.org","@graph":[{"@type":"WebPage","@id":"https:\/\/www.csl.lu\/de\/ihre-rechte\/arbeitnehmer\/entsendung-von-arbeitnehmern\/","url":"https:\/\/www.csl.lu\/de\/ihre-rechte\/arbeitnehmer\/entsendung-von-arbeitnehmern\/","name":"Entsendung von Arbeitnehmern - Chambre des salari\u00e9s - CSL","isPartOf":{"@id":"https:\/\/www.csl.lu\/fr\/#website"},"datePublished":"2019-07-10T09:41:32+00:00","dateModified":"2023-07-07T08:06:34+00:00","breadcrumb":{"@id":"https:\/\/www.csl.lu\/de\/ihre-rechte\/arbeitnehmer\/entsendung-von-arbeitnehmern\/#breadcrumb"},"inLanguage":"de-DE","potentialAction":[{"@type":"ReadAction","target":["https:\/\/www.csl.lu\/de\/ihre-rechte\/arbeitnehmer\/entsendung-von-arbeitnehmern\/"]}]},{"@type":"BreadcrumbList","@id":"https:\/\/www.csl.lu\/de\/ihre-rechte\/arbeitnehmer\/entsendung-von-arbeitnehmern\/#breadcrumb","itemListElement":[{"@type":"ListItem","position":1,"name":"Startseite","item":"https:\/\/www.csl.lu\/de\/"},{"@type":"ListItem","position":2,"name":"Ihre Rechte","item":"https:\/\/www.csl.lu\/de\/ihre-rechte\/"},{"@type":"ListItem","position":3,"name":"Arbeitnehmer","item":"https:\/\/www.csl.lu\/de\/ihre-rechte\/arbeitnehmer\/"},{"@type":"ListItem","position":4,"name":"Entsendung von Arbeitnehmern"}]},{"@type":"WebSite","@id":"https:\/\/www.csl.lu\/fr\/#website","url":"https:\/\/www.csl.lu\/fr\/","name":"Chambre des salari\u00e9s - CSL","description":"La CSL d\u00e9fend les int\u00e9r\u00eats des salari\u00e9s et des retrait\u00e9s","potentialAction":[{"@type":"SearchAction","target":{"@type":"EntryPoint","urlTemplate":"https:\/\/www.csl.lu\/fr\/?s={search_term_string}"},"query-input":{"@type":"PropertyValueSpecification","valueRequired":true,"valueName":"search_term_string"}}],"inLanguage":"de-DE"}]}},"_links":{"self":[{"href":"https:\/\/www.csl.lu\/de\/wp-json\/wp\/v2\/pages\/26777","targetHints":{"allow":["GET"]}}],"collection":[{"href":"https:\/\/www.csl.lu\/de\/wp-json\/wp\/v2\/pages"}],"about":[{"href":"https:\/\/www.csl.lu\/de\/wp-json\/wp\/v2\/types\/page"}],"author":[{"embeddable":true,"href":"https:\/\/www.csl.lu\/de\/wp-json\/wp\/v2\/users\/1"}],"replies":[{"embeddable":true,"href":"https:\/\/www.csl.lu\/de\/wp-json\/wp\/v2\/comments?post=26777"}],"version-history":[{"count":1,"href":"https:\/\/www.csl.lu\/de\/wp-json\/wp\/v2\/pages\/26777\/revisions"}],"predecessor-version":[{"id":79499,"href":"https:\/\/www.csl.lu\/de\/wp-json\/wp\/v2\/pages\/26777\/revisions\/79499"}],"up":[{"embeddable":true,"href":"https:\/\/www.csl.lu\/de\/wp-json\/wp\/v2\/pages\/26742"}],"wp:attachment":[{"href":"https:\/\/www.csl.lu\/de\/wp-json\/wp\/v2\/media?parent=26777"}],"curies":[{"name":"wp","href":"https:\/\/api.w.org\/{rel}","templated":true}]}}