{"id":27043,"date":"2019-07-12T10:00:14","date_gmt":"2019-07-12T08:00:14","guid":{"rendered":"https:\/\/www.csl.lu\/calculatrice-de-pension\/"},"modified":"2025-06-04T09:10:02","modified_gmt":"2025-06-04T07:10:02","slug":"schaetzung-ihrer-rente","status":"publish","type":"page","link":"https:\/\/www.csl.lu\/de\/ihre-rechte\/sozialversicherung\/rentenversicherungssystem\/schaetzung-ihrer-rente\/","title":{"rendered":"Sch\u00e4tzung Ihrer Rente"},"content":{"rendered":"","protected":false},"excerpt":{"rendered":"","protected":false},"author":1,"featured_media":24799,"parent":27044,"menu_order":693,"comment_status":"closed","ping_status":"closed","template":"template-content_multi_table.php","meta":{"_acf_changed":false,"_tec_requires_first_save":true,"inline_featured_image":false,"_price":"","_stock":"","_tribe_ticket_header":"","_tribe_default_ticket_provider":"","_tribe_ticket_capacity":"0","_ticket_start_date":"","_ticket_end_date":"","_tribe_ticket_show_description":"","_tribe_ticket_show_not_going":false,"_tribe_ticket_use_global_stock":"","_tribe_ticket_global_stock_level":"","_global_stock_mode":"","_global_stock_cap":"","_tribe_rsvp_for_event":"","_tribe_ticket_going_count":"","_tribe_ticket_not_going_count":"","_tribe_tickets_list":"[]","_tribe_ticket_has_attendee_info_fields":false,"_EventAllDay":false,"_EventTimezone":"","_EventStartDate":"","_EventEndDate":"","_EventStartDateUTC":"","_EventEndDateUTC":"","_EventShowMap":false,"_EventShowMapLink":false,"_EventURL":"","_EventCost":"","_EventCostDescription":"","_EventCurrencySymbol":"","_EventCurrencyCode":"","_EventCurrencyPosition":"","_EventDateTimeSeparator":"","_EventTimeRangeSeparator":"","_EventOrganizerID":[],"_EventVenueID":[],"_OrganizerEmail":"","_OrganizerPhone":"","_OrganizerWebsite":"","_VenueAddress":"","_VenueCity":"","_VenueCountry":"","_VenueProvince":"","_VenueState":"","_VenueZip":"","_VenuePhone":"","_VenueURL":"","_VenueStateProvince":"","_VenueLat":"","_VenueLng":"","_VenueShowMap":false,"_VenueShowMapLink":false,"_tribe_blocks_recurrence_rules":"","_tribe_blocks_recurrence_description":"","_tribe_blocks_recurrence_exclusions":"","footnotes":""},"class_list":["post-27043","page","type-page","status-publish","has-post-thumbnail","hentry","page_site-csl"],"acf":[],"yoast_head":"<!-- This site is optimized with the Yoast SEO plugin v27.4 - https:\/\/yoast.com\/product\/yoast-seo-wordpress\/ -->\n<title>Sch\u00e4tzung Ihrer Rente - Chambre des salari\u00e9s - CSL<\/title>\n<meta name=\"robots\" content=\"index, follow, max-snippet:-1, max-image-preview:large, max-video-preview:-1\" \/>\n<link rel=\"canonical\" href=\"https:\/\/www.csl.lu\/de\/ihre-rechte\/sozialversicherung\/rentenversicherungssystem\/schaetzung-ihrer-rente\/\" \/>\n<meta property=\"og:locale\" content=\"de_DE\" \/>\n<meta property=\"og:type\" content=\"article\" \/>\n<meta property=\"og:title\" content=\"Sch\u00e4tzung Ihrer Rente - Chambre des salari\u00e9s - CSL\" \/>\n<meta property=\"og:url\" content=\"https:\/\/www.csl.lu\/de\/ihre-rechte\/sozialversicherung\/rentenversicherungssystem\/schaetzung-ihrer-rente\/\" \/>\n<meta property=\"og:site_name\" content=\"Chambre des salari\u00e9s - CSL\" \/>\n<meta property=\"article:modified_time\" content=\"2025-06-04T07:10:02+00:00\" \/>\n<meta property=\"og:image\" content=\"https:\/\/www.csl.lu\/app\/uploads\/2021\/03\/adobestock_252567864-scaled.jpeg\" \/>\n<meta name=\"twitter:card\" content=\"summary_large_image\" \/>\n<meta name=\"twitter:image\" content=\"https:\/\/www.csl.lu\/app\/uploads\/2021\/03\/adobestock_252567864-scaled.jpeg\" \/>\n<meta name=\"twitter:label1\" content=\"Est. reading time\" \/>\n\t<meta name=\"twitter:data1\" content=\"1 minute\" \/>\n<script type=\"application\/ld+json\" class=\"yoast-schema-graph\">{\"@context\":\"https:\\\/\\\/schema.org\",\"@graph\":[{\"@type\":\"WebPage\",\"@id\":\"https:\\\/\\\/www.csl.lu\\\/de\\\/ihre-rechte\\\/sozialversicherung\\\/rentenversicherungssystem\\\/schaetzung-ihrer-rente\\\/\",\"url\":\"https:\\\/\\\/www.csl.lu\\\/de\\\/ihre-rechte\\\/sozialversicherung\\\/rentenversicherungssystem\\\/schaetzung-ihrer-rente\\\/\",\"name\":\"Sch\u00e4tzung Ihrer Rente - Chambre des salari\u00e9s - CSL\",\"isPartOf\":{\"@id\":\"https:\\\/\\\/www.csl.lu\\\/fr\\\/#website\"},\"primaryImageOfPage\":{\"@id\":\"https:\\\/\\\/www.csl.lu\\\/de\\\/ihre-rechte\\\/sozialversicherung\\\/rentenversicherungssystem\\\/schaetzung-ihrer-rente\\\/#primaryimage\"},\"image\":{\"@id\":\"https:\\\/\\\/www.csl.lu\\\/de\\\/ihre-rechte\\\/sozialversicherung\\\/rentenversicherungssystem\\\/schaetzung-ihrer-rente\\\/#primaryimage\"},\"thumbnailUrl\":\"https:\\\/\\\/www.csl.lu\\\/app\\\/uploads\\\/2021\\\/03\\\/adobestock_252567864-scaled.jpeg\",\"datePublished\":\"2019-07-12T08:00:14+00:00\",\"dateModified\":\"2025-06-04T07:10:02+00:00\",\"breadcrumb\":{\"@id\":\"https:\\\/\\\/www.csl.lu\\\/de\\\/ihre-rechte\\\/sozialversicherung\\\/rentenversicherungssystem\\\/schaetzung-ihrer-rente\\\/#breadcrumb\"},\"inLanguage\":\"de-DE\",\"potentialAction\":[{\"@type\":\"ReadAction\",\"target\":[\"https:\\\/\\\/www.csl.lu\\\/de\\\/ihre-rechte\\\/sozialversicherung\\\/rentenversicherungssystem\\\/schaetzung-ihrer-rente\\\/\"]}]},{\"@type\":\"ImageObject\",\"inLanguage\":\"de-DE\",\"@id\":\"https:\\\/\\\/www.csl.lu\\\/de\\\/ihre-rechte\\\/sozialversicherung\\\/rentenversicherungssystem\\\/schaetzung-ihrer-rente\\\/#primaryimage\",\"url\":\"https:\\\/\\\/www.csl.lu\\\/app\\\/uploads\\\/2021\\\/03\\\/adobestock_252567864-scaled.jpeg\",\"contentUrl\":\"https:\\\/\\\/www.csl.lu\\\/app\\\/uploads\\\/2021\\\/03\\\/adobestock_252567864-scaled.jpeg\",\"width\":2560,\"height\":1709},{\"@type\":\"BreadcrumbList\",\"@id\":\"https:\\\/\\\/www.csl.lu\\\/de\\\/ihre-rechte\\\/sozialversicherung\\\/rentenversicherungssystem\\\/schaetzung-ihrer-rente\\\/#breadcrumb\",\"itemListElement\":[{\"@type\":\"ListItem\",\"position\":1,\"name\":\"Startseite\",\"item\":\"https:\\\/\\\/www.csl.lu\\\/de\\\/\"},{\"@type\":\"ListItem\",\"position\":2,\"name\":\"Ihre Rechte\",\"item\":\"https:\\\/\\\/www.csl.lu\\\/de\\\/ihre-rechte\\\/\"},{\"@type\":\"ListItem\",\"position\":3,\"name\":\"Sozialversicherung\",\"item\":\"https:\\\/\\\/www.csl.lu\\\/de\\\/ihre-rechte\\\/sozialversicherung\\\/\"},{\"@type\":\"ListItem\",\"position\":4,\"name\":\"Rentenversicherungssystem\",\"item\":\"https:\\\/\\\/www.csl.lu\\\/de\\\/ihre-rechte\\\/sozialversicherung\\\/rentenversicherungssystem\\\/\"},{\"@type\":\"ListItem\",\"position\":5,\"name\":\"Sch\u00e4tzung Ihrer Rente\"}]},{\"@type\":\"WebSite\",\"@id\":\"https:\\\/\\\/www.csl.lu\\\/fr\\\/#website\",\"url\":\"https:\\\/\\\/www.csl.lu\\\/fr\\\/\",\"name\":\"Chambre des salari\u00e9s - CSL\",\"description\":\"La CSL d\u00e9fend les int\u00e9r\u00eats des salari\u00e9s et des retrait\u00e9s\",\"potentialAction\":[{\"@type\":\"SearchAction\",\"target\":{\"@type\":\"EntryPoint\",\"urlTemplate\":\"https:\\\/\\\/www.csl.lu\\\/fr\\\/?s={search_term_string}\"},\"query-input\":{\"@type\":\"PropertyValueSpecification\",\"valueRequired\":true,\"valueName\":\"search_term_string\"}}],\"inLanguage\":\"de-DE\"}]}<\/script>\n<!-- \/ Yoast SEO plugin. -->","yoast_head_json":{"title":"Sch\u00e4tzung Ihrer Rente - Chambre des salari\u00e9s - CSL","robots":{"index":"index","follow":"follow","max-snippet":"max-snippet:-1","max-image-preview":"max-image-preview:large","max-video-preview":"max-video-preview:-1"},"canonical":"https:\/\/www.csl.lu\/de\/ihre-rechte\/sozialversicherung\/rentenversicherungssystem\/schaetzung-ihrer-rente\/","og_locale":"de_DE","og_type":"article","og_title":"Sch\u00e4tzung Ihrer Rente - Chambre des salari\u00e9s - CSL","og_url":"https:\/\/www.csl.lu\/de\/ihre-rechte\/sozialversicherung\/rentenversicherungssystem\/schaetzung-ihrer-rente\/","og_site_name":"Chambre des salari\u00e9s - CSL","article_modified_time":"2025-06-04T07:10:02+00:00","og_image":[{"url":"https:\/\/www.csl.lu\/app\/uploads\/2021\/03\/adobestock_252567864-scaled.jpeg","type":"","width":"","height":""}],"twitter_card":"summary_large_image","twitter_image":"https:\/\/www.csl.lu\/app\/uploads\/2021\/03\/adobestock_252567864-scaled.jpeg","twitter_misc":{"Est. reading time":"1 minute"},"schema":{"@context":"https:\/\/schema.org","@graph":[{"@type":"WebPage","@id":"https:\/\/www.csl.lu\/de\/ihre-rechte\/sozialversicherung\/rentenversicherungssystem\/schaetzung-ihrer-rente\/","url":"https:\/\/www.csl.lu\/de\/ihre-rechte\/sozialversicherung\/rentenversicherungssystem\/schaetzung-ihrer-rente\/","name":"Sch\u00e4tzung Ihrer Rente - Chambre des salari\u00e9s - CSL","isPartOf":{"@id":"https:\/\/www.csl.lu\/fr\/#website"},"primaryImageOfPage":{"@id":"https:\/\/www.csl.lu\/de\/ihre-rechte\/sozialversicherung\/rentenversicherungssystem\/schaetzung-ihrer-rente\/#primaryimage"},"image":{"@id":"https:\/\/www.csl.lu\/de\/ihre-rechte\/sozialversicherung\/rentenversicherungssystem\/schaetzung-ihrer-rente\/#primaryimage"},"thumbnailUrl":"https:\/\/www.csl.lu\/app\/uploads\/2021\/03\/adobestock_252567864-scaled.jpeg","datePublished":"2019-07-12T08:00:14+00:00","dateModified":"2025-06-04T07:10:02+00:00","breadcrumb":{"@id":"https:\/\/www.csl.lu\/de\/ihre-rechte\/sozialversicherung\/rentenversicherungssystem\/schaetzung-ihrer-rente\/#breadcrumb"},"inLanguage":"de-DE","potentialAction":[{"@type":"ReadAction","target":["https:\/\/www.csl.lu\/de\/ihre-rechte\/sozialversicherung\/rentenversicherungssystem\/schaetzung-ihrer-rente\/"]}]},{"@type":"ImageObject","inLanguage":"de-DE","@id":"https:\/\/www.csl.lu\/de\/ihre-rechte\/sozialversicherung\/rentenversicherungssystem\/schaetzung-ihrer-rente\/#primaryimage","url":"https:\/\/www.csl.lu\/app\/uploads\/2021\/03\/adobestock_252567864-scaled.jpeg","contentUrl":"https:\/\/www.csl.lu\/app\/uploads\/2021\/03\/adobestock_252567864-scaled.jpeg","width":2560,"height":1709},{"@type":"BreadcrumbList","@id":"https:\/\/www.csl.lu\/de\/ihre-rechte\/sozialversicherung\/rentenversicherungssystem\/schaetzung-ihrer-rente\/#breadcrumb","itemListElement":[{"@type":"ListItem","position":1,"name":"Startseite","item":"https:\/\/www.csl.lu\/de\/"},{"@type":"ListItem","position":2,"name":"Ihre Rechte","item":"https:\/\/www.csl.lu\/de\/ihre-rechte\/"},{"@type":"ListItem","position":3,"name":"Sozialversicherung","item":"https:\/\/www.csl.lu\/de\/ihre-rechte\/sozialversicherung\/"},{"@type":"ListItem","position":4,"name":"Rentenversicherungssystem","item":"https:\/\/www.csl.lu\/de\/ihre-rechte\/sozialversicherung\/rentenversicherungssystem\/"},{"@type":"ListItem","position":5,"name":"Sch\u00e4tzung Ihrer Rente"}]},{"@type":"WebSite","@id":"https:\/\/www.csl.lu\/fr\/#website","url":"https:\/\/www.csl.lu\/fr\/","name":"Chambre des salari\u00e9s - CSL","description":"La CSL d\u00e9fend les int\u00e9r\u00eats des salari\u00e9s et des retrait\u00e9s","potentialAction":[{"@type":"SearchAction","target":{"@type":"EntryPoint","urlTemplate":"https:\/\/www.csl.lu\/fr\/?s={search_term_string}"},"query-input":{"@type":"PropertyValueSpecification","valueRequired":true,"valueName":"search_term_string"}}],"inLanguage":"de-DE"}]}},"_links":{"self":[{"href":"https:\/\/www.csl.lu\/de\/wp-json\/wp\/v2\/pages\/27043","targetHints":{"allow":["GET"]}}],"collection":[{"href":"https:\/\/www.csl.lu\/de\/wp-json\/wp\/v2\/pages"}],"about":[{"href":"https:\/\/www.csl.lu\/de\/wp-json\/wp\/v2\/types\/page"}],"author":[{"embeddable":true,"href":"https:\/\/www.csl.lu\/de\/wp-json\/wp\/v2\/users\/1"}],"replies":[{"embeddable":true,"href":"https:\/\/www.csl.lu\/de\/wp-json\/wp\/v2\/comments?post=27043"}],"version-history":[{"count":11,"href":"https:\/\/www.csl.lu\/de\/wp-json\/wp\/v2\/pages\/27043\/revisions"}],"predecessor-version":[{"id":113395,"href":"https:\/\/www.csl.lu\/de\/wp-json\/wp\/v2\/pages\/27043\/revisions\/113395"}],"up":[{"embeddable":true,"href":"https:\/\/www.csl.lu\/de\/wp-json\/wp\/v2\/pages\/27044"}],"wp:featuredmedia":[{"embeddable":true,"href":"https:\/\/www.csl.lu\/de\/wp-json\/wp\/v2\/media\/24799"}],"wp:attachment":[{"href":"https:\/\/www.csl.lu\/de\/wp-json\/wp\/v2\/media?parent=27043"}],"curies":[{"name":"wp","href":"https:\/\/api.w.org\/{rel}","templated":true}]}}