{"id":68131,"date":"2022-11-17T14:51:01","date_gmt":"2022-11-17T13:51:01","guid":{"rendered":"https:\/\/www.csl.lu\/?page_id=68131"},"modified":"2024-10-02T15:56:55","modified_gmt":"2024-10-02T13:56:55","slug":"arbeitszeiten","status":"publish","type":"page","link":"https:\/\/www.csl.lu\/de\/ihre-rechte\/jugendliche-und-junge-arbeitnehmer\/arbeitszeiten\/","title":{"rendered":"Arbeitszeiten"},"content":{"rendered":"","protected":false},"excerpt":{"rendered":"","protected":false},"author":12,"featured_media":0,"parent":26745,"menu_order":9,"comment_status":"closed","ping_status":"closed","template":"template-content_multi_table.php","meta":{"_acf_changed":false,"_tec_requires_first_save":true,"inline_featured_image":false,"_price":"","_stock":"","_tribe_ticket_header":"","_tribe_default_ticket_provider":"","_tribe_ticket_capacity":"0","_ticket_start_date":"","_ticket_end_date":"","_tribe_ticket_show_description":"","_tribe_ticket_show_not_going":false,"_tribe_ticket_use_global_stock":"","_tribe_ticket_global_stock_level":"","_global_stock_mode":"","_global_stock_cap":"","_tribe_rsvp_for_event":"","_tribe_ticket_going_count":"","_tribe_ticket_not_going_count":"","_tribe_tickets_list":"[]","_tribe_ticket_has_attendee_info_fields":false,"_EventAllDay":false,"_EventTimezone":"","_EventStartDate":"","_EventEndDate":"","_EventStartDateUTC":"","_EventEndDateUTC":"","_EventShowMap":false,"_EventShowMapLink":false,"_EventURL":"","_EventCost":"","_EventCostDescription":"","_EventCurrencySymbol":"","_EventCurrencyCode":"","_EventCurrencyPosition":"","_EventDateTimeSeparator":"","_EventTimeRangeSeparator":"","_EventOrganizerID":[],"_EventVenueID":[],"_OrganizerEmail":"","_OrganizerPhone":"","_OrganizerWebsite":"","_VenueAddress":"","_VenueCity":"","_VenueCountry":"","_VenueProvince":"","_VenueState":"","_VenueZip":"","_VenuePhone":"","_VenueURL":"","_VenueStateProvince":"","_VenueLat":"","_VenueLng":"","_VenueShowMap":false,"_VenueShowMapLink":false,"_tribe_blocks_recurrence_rules":"","_tribe_blocks_recurrence_description":"","_tribe_blocks_recurrence_exclusions":"","footnotes":""},"class_list":["post-68131","page","type-page","status-publish","hentry","page_site-csl"],"acf":[],"yoast_head":"<!-- This site is optimized with the Yoast SEO plugin v27.2 - https:\/\/yoast.com\/product\/yoast-seo-wordpress\/ -->\n<title>Arbeitszeiten - Chambre des salari\u00e9s - CSL<\/title>\n<meta name=\"robots\" content=\"index, follow, max-snippet:-1, max-image-preview:large, max-video-preview:-1\" \/>\n<link rel=\"canonical\" href=\"https:\/\/www.csl.lu\/de\/ihre-rechte\/jugendliche-und-junge-arbeitnehmer\/arbeitszeiten\/\" \/>\n<meta property=\"og:locale\" content=\"de_DE\" \/>\n<meta property=\"og:type\" content=\"article\" \/>\n<meta property=\"og:title\" content=\"Arbeitszeiten - Chambre des salari\u00e9s - CSL\" \/>\n<meta property=\"og:url\" content=\"https:\/\/www.csl.lu\/de\/ihre-rechte\/jugendliche-und-junge-arbeitnehmer\/arbeitszeiten\/\" \/>\n<meta property=\"og:site_name\" content=\"Chambre des salari\u00e9s - CSL\" \/>\n<meta property=\"article:modified_time\" content=\"2024-10-02T13:56:55+00:00\" \/>\n<meta property=\"og:image\" content=\"https:\/\/www.csl.lu\/app\/uploads\/2021\/01\/adobestock_169665663-scaled.jpeg\" \/>\n<meta name=\"twitter:card\" content=\"summary_large_image\" \/>\n<meta name=\"twitter:image\" content=\"https:\/\/www.csl.lu\/app\/uploads\/2021\/01\/adobestock_169665663-scaled.jpeg\" \/>\n<script type=\"application\/ld+json\" class=\"yoast-schema-graph\">{\"@context\":\"https:\/\/schema.org\",\"@graph\":[{\"@type\":\"WebPage\",\"@id\":\"https:\/\/www.csl.lu\/de\/ihre-rechte\/jugendliche-und-junge-arbeitnehmer\/arbeitszeiten\/\",\"url\":\"https:\/\/www.csl.lu\/de\/ihre-rechte\/jugendliche-und-junge-arbeitnehmer\/arbeitszeiten\/\",\"name\":\"Arbeitszeiten - Chambre des salari\u00e9s - CSL\",\"isPartOf\":{\"@id\":\"https:\/\/www.csl.lu\/fr\/#website\"},\"datePublished\":\"2022-11-17T13:51:01+00:00\",\"dateModified\":\"2024-10-02T13:56:55+00:00\",\"breadcrumb\":{\"@id\":\"https:\/\/www.csl.lu\/de\/ihre-rechte\/jugendliche-und-junge-arbeitnehmer\/arbeitszeiten\/#breadcrumb\"},\"inLanguage\":\"de-DE\",\"potentialAction\":[{\"@type\":\"ReadAction\",\"target\":[\"https:\/\/www.csl.lu\/de\/ihre-rechte\/jugendliche-und-junge-arbeitnehmer\/arbeitszeiten\/\"]}]},{\"@type\":\"BreadcrumbList\",\"@id\":\"https:\/\/www.csl.lu\/de\/ihre-rechte\/jugendliche-und-junge-arbeitnehmer\/arbeitszeiten\/#breadcrumb\",\"itemListElement\":[{\"@type\":\"ListItem\",\"position\":1,\"name\":\"Startseite\",\"item\":\"https:\/\/www.csl.lu\/de\/\"},{\"@type\":\"ListItem\",\"position\":2,\"name\":\"Ihre Rechte\",\"item\":\"https:\/\/www.csl.lu\/de\/ihre-rechte\/\"},{\"@type\":\"ListItem\",\"position\":3,\"name\":\"Jugendliche und junge Arbeitnehmer\",\"item\":\"https:\/\/www.csl.lu\/de\/ihre-rechte\/jugendliche-und-junge-arbeitnehmer\/\"},{\"@type\":\"ListItem\",\"position\":4,\"name\":\"Arbeitszeiten\"}]},{\"@type\":\"WebSite\",\"@id\":\"https:\/\/www.csl.lu\/fr\/#website\",\"url\":\"https:\/\/www.csl.lu\/fr\/\",\"name\":\"Chambre des salari\u00e9s - CSL\",\"description\":\"La CSL d\u00e9fend les int\u00e9r\u00eats des salari\u00e9s et des retrait\u00e9s\",\"potentialAction\":[{\"@type\":\"SearchAction\",\"target\":{\"@type\":\"EntryPoint\",\"urlTemplate\":\"https:\/\/www.csl.lu\/fr\/?s={search_term_string}\"},\"query-input\":{\"@type\":\"PropertyValueSpecification\",\"valueRequired\":true,\"valueName\":\"search_term_string\"}}],\"inLanguage\":\"de-DE\"}]}<\/script>\n<!-- \/ Yoast SEO plugin. -->","yoast_head_json":{"title":"Arbeitszeiten - Chambre des salari\u00e9s - CSL","robots":{"index":"index","follow":"follow","max-snippet":"max-snippet:-1","max-image-preview":"max-image-preview:large","max-video-preview":"max-video-preview:-1"},"canonical":"https:\/\/www.csl.lu\/de\/ihre-rechte\/jugendliche-und-junge-arbeitnehmer\/arbeitszeiten\/","og_locale":"de_DE","og_type":"article","og_title":"Arbeitszeiten - Chambre des salari\u00e9s - CSL","og_url":"https:\/\/www.csl.lu\/de\/ihre-rechte\/jugendliche-und-junge-arbeitnehmer\/arbeitszeiten\/","og_site_name":"Chambre des salari\u00e9s - CSL","article_modified_time":"2024-10-02T13:56:55+00:00","og_image":[{"url":"https:\/\/www.csl.lu\/app\/uploads\/2021\/01\/adobestock_169665663-scaled.jpeg","type":"","width":"","height":""}],"twitter_card":"summary_large_image","twitter_image":"https:\/\/www.csl.lu\/app\/uploads\/2021\/01\/adobestock_169665663-scaled.jpeg","schema":{"@context":"https:\/\/schema.org","@graph":[{"@type":"WebPage","@id":"https:\/\/www.csl.lu\/de\/ihre-rechte\/jugendliche-und-junge-arbeitnehmer\/arbeitszeiten\/","url":"https:\/\/www.csl.lu\/de\/ihre-rechte\/jugendliche-und-junge-arbeitnehmer\/arbeitszeiten\/","name":"Arbeitszeiten - Chambre des salari\u00e9s - CSL","isPartOf":{"@id":"https:\/\/www.csl.lu\/fr\/#website"},"datePublished":"2022-11-17T13:51:01+00:00","dateModified":"2024-10-02T13:56:55+00:00","breadcrumb":{"@id":"https:\/\/www.csl.lu\/de\/ihre-rechte\/jugendliche-und-junge-arbeitnehmer\/arbeitszeiten\/#breadcrumb"},"inLanguage":"de-DE","potentialAction":[{"@type":"ReadAction","target":["https:\/\/www.csl.lu\/de\/ihre-rechte\/jugendliche-und-junge-arbeitnehmer\/arbeitszeiten\/"]}]},{"@type":"BreadcrumbList","@id":"https:\/\/www.csl.lu\/de\/ihre-rechte\/jugendliche-und-junge-arbeitnehmer\/arbeitszeiten\/#breadcrumb","itemListElement":[{"@type":"ListItem","position":1,"name":"Startseite","item":"https:\/\/www.csl.lu\/de\/"},{"@type":"ListItem","position":2,"name":"Ihre Rechte","item":"https:\/\/www.csl.lu\/de\/ihre-rechte\/"},{"@type":"ListItem","position":3,"name":"Jugendliche und junge Arbeitnehmer","item":"https:\/\/www.csl.lu\/de\/ihre-rechte\/jugendliche-und-junge-arbeitnehmer\/"},{"@type":"ListItem","position":4,"name":"Arbeitszeiten"}]},{"@type":"WebSite","@id":"https:\/\/www.csl.lu\/fr\/#website","url":"https:\/\/www.csl.lu\/fr\/","name":"Chambre des salari\u00e9s - CSL","description":"La CSL d\u00e9fend les int\u00e9r\u00eats des salari\u00e9s et des retrait\u00e9s","potentialAction":[{"@type":"SearchAction","target":{"@type":"EntryPoint","urlTemplate":"https:\/\/www.csl.lu\/fr\/?s={search_term_string}"},"query-input":{"@type":"PropertyValueSpecification","valueRequired":true,"valueName":"search_term_string"}}],"inLanguage":"de-DE"}]}},"_links":{"self":[{"href":"https:\/\/www.csl.lu\/de\/wp-json\/wp\/v2\/pages\/68131","targetHints":{"allow":["GET"]}}],"collection":[{"href":"https:\/\/www.csl.lu\/de\/wp-json\/wp\/v2\/pages"}],"about":[{"href":"https:\/\/www.csl.lu\/de\/wp-json\/wp\/v2\/types\/page"}],"author":[{"embeddable":true,"href":"https:\/\/www.csl.lu\/de\/wp-json\/wp\/v2\/users\/12"}],"replies":[{"embeddable":true,"href":"https:\/\/www.csl.lu\/de\/wp-json\/wp\/v2\/comments?post=68131"}],"version-history":[{"count":1,"href":"https:\/\/www.csl.lu\/de\/wp-json\/wp\/v2\/pages\/68131\/revisions"}],"predecessor-version":[{"id":79642,"href":"https:\/\/www.csl.lu\/de\/wp-json\/wp\/v2\/pages\/68131\/revisions\/79642"}],"up":[{"embeddable":true,"href":"https:\/\/www.csl.lu\/de\/wp-json\/wp\/v2\/pages\/26745"}],"wp:attachment":[{"href":"https:\/\/www.csl.lu\/de\/wp-json\/wp\/v2\/media?parent=68131"}],"curies":[{"name":"wp","href":"https:\/\/api.w.org\/{rel}","templated":true}]}}