{"id":121351,"date":"2026-01-14T14:06:18","date_gmt":"2026-01-14T13:06:18","guid":{"rendered":"https:\/\/www.csl.lu\/?page_id=121351"},"modified":"2026-02-10T10:57:30","modified_gmt":"2026-02-10T09:57:30","slug":"statuts-de-lassociation-sans-but-lucratif-amicale-des-anciens-membres-et-salaries-de-la-csl","status":"publish","type":"page","link":"https:\/\/www.csl.lu\/fr\/statuts-de-lassociation-sans-but-lucratif-amicale-des-anciens-membres-et-salaries-de-la-csl\/","title":{"rendered":"Statuts de l&rsquo;association sans but lucratif \u00ab Amicale des anciens membres et salari\u00e9s de la CSL \u00bb"},"content":{"rendered":"","protected":true},"excerpt":{"rendered":"","protected":true},"author":13,"featured_media":0,"parent":0,"menu_order":0,"comment_status":"closed","ping_status":"closed","template":"template-content_multi_table.php","meta":{"_acf_changed":false,"_tec_requires_first_save":true,"inline_featured_image":false,"_price":"","_stock":"","_tribe_ticket_header":"","_tribe_default_ticket_provider":"","_tribe_ticket_capacity":"0","_ticket_start_date":"","_ticket_end_date":"","_tribe_ticket_show_description":"","_tribe_ticket_show_not_going":false,"_tribe_ticket_use_global_stock":"","_tribe_ticket_global_stock_level":"","_global_stock_mode":"","_global_stock_cap":"","_tribe_rsvp_for_event":"","_tribe_ticket_going_count":"","_tribe_ticket_not_going_count":"","_tribe_tickets_list":"[]","_tribe_ticket_has_attendee_info_fields":false,"_EventAllDay":false,"_EventTimezone":"","_EventStartDate":"","_EventEndDate":"","_EventStartDateUTC":"","_EventEndDateUTC":"","_EventShowMap":false,"_EventShowMapLink":false,"_EventURL":"","_EventCost":"","_EventCostDescription":"","_EventCurrencySymbol":"","_EventCurrencyCode":"","_EventCurrencyPosition":"","_EventDateTimeSeparator":"","_EventTimeRangeSeparator":"","_EventOrganizerID":[],"_EventVenueID":[],"_OrganizerEmail":"","_OrganizerPhone":"","_OrganizerWebsite":"","_VenueAddress":"","_VenueCity":"","_VenueCountry":"","_VenueProvince":"","_VenueState":"","_VenueZip":"","_VenuePhone":"","_VenueURL":"","_VenueStateProvince":"","_VenueLat":"","_VenueLng":"","_VenueShowMap":false,"_VenueShowMapLink":false,"_tribe_blocks_recurrence_rules":"","_tribe_blocks_recurrence_description":"","_tribe_blocks_recurrence_exclusions":"","footnotes":""},"class_list":["post-121351","page","type-page","status-publish","post-password-required","hentry"],"acf":[],"yoast_head":"<!-- This site is optimized with the Yoast SEO plugin v27.2 - https:\/\/yoast.com\/product\/yoast-seo-wordpress\/ -->\n<title>Statuts de l&#039;association sans but lucratif \u00ab Amicale des anciens membres et salari\u00e9s de la CSL \u00bb - Chambre des salari\u00e9s - CSL<\/title>\n<meta name=\"robots\" content=\"index, follow, max-snippet:-1, max-image-preview:large, max-video-preview:-1\" \/>\n<link rel=\"canonical\" href=\"https:\/\/www.csl.lu\/fr\/statuts-de-lassociation-sans-but-lucratif-amicale-des-anciens-membres-et-salaries-de-la-csl\/\" \/>\n<meta property=\"og:locale\" content=\"fr_FR\" \/>\n<meta property=\"og:type\" content=\"article\" \/>\n<meta property=\"og:title\" content=\"Statuts de l&#039;association sans but lucratif \u00ab Amicale des anciens membres et salari\u00e9s de la CSL \u00bb - Chambre des salari\u00e9s - CSL\" \/>\n<meta property=\"og:description\" content=\"Il n\u2019y a pas d\u2019extrait, car cette publication est prot\u00e9g\u00e9e.\" \/>\n<meta property=\"og:url\" content=\"https:\/\/www.csl.lu\/fr\/statuts-de-lassociation-sans-but-lucratif-amicale-des-anciens-membres-et-salaries-de-la-csl\/\" \/>\n<meta property=\"og:site_name\" content=\"Chambre des salari\u00e9s - CSL\" \/>\n<meta property=\"article:modified_time\" content=\"2026-02-10T09:57:30+00:00\" \/>\n<meta name=\"twitter:card\" content=\"summary_large_image\" \/>\n<meta name=\"twitter:image\" content=\"https:\/\/www.csl.lu\/app\/themes\/csl\/img\/csl_defaut_photo_batiment.jpg\" \/>\n<script type=\"application\/ld+json\" class=\"yoast-schema-graph\">{\"@context\":\"https:\/\/schema.org\",\"@graph\":[{\"@type\":\"WebPage\",\"@id\":\"https:\/\/www.csl.lu\/fr\/statuts-de-lassociation-sans-but-lucratif-amicale-des-anciens-membres-et-salaries-de-la-csl\/\",\"url\":\"https:\/\/www.csl.lu\/fr\/statuts-de-lassociation-sans-but-lucratif-amicale-des-anciens-membres-et-salaries-de-la-csl\/\",\"name\":\"Statuts de l'association sans but lucratif \u00ab Amicale des anciens membres et salari\u00e9s de la CSL \u00bb - Chambre des salari\u00e9s - CSL\",\"isPartOf\":{\"@id\":\"https:\/\/www.csl.lu\/fr\/#website\"},\"datePublished\":\"2026-01-14T13:06:18+00:00\",\"dateModified\":\"2026-02-10T09:57:30+00:00\",\"breadcrumb\":{\"@id\":\"https:\/\/www.csl.lu\/fr\/statuts-de-lassociation-sans-but-lucratif-amicale-des-anciens-membres-et-salaries-de-la-csl\/#breadcrumb\"},\"inLanguage\":\"fr-FR\"},{\"@type\":\"WebSite\",\"@id\":\"https:\/\/www.csl.lu\/fr\/#website\",\"url\":\"https:\/\/www.csl.lu\/fr\/\",\"name\":\"Chambre des salari\u00e9s - CSL\",\"description\":\"La CSL d\u00e9fend les int\u00e9r\u00eats des salari\u00e9s et des retrait\u00e9s\",\"potentialAction\":[{\"@type\":\"SearchAction\",\"target\":{\"@type\":\"EntryPoint\",\"urlTemplate\":\"https:\/\/www.csl.lu\/fr\/?s={search_term_string}\"},\"query-input\":{\"@type\":\"PropertyValueSpecification\",\"valueRequired\":true,\"valueName\":\"search_term_string\"}}],\"inLanguage\":\"fr-FR\"}]}<\/script>\n<!-- \/ Yoast SEO plugin. -->","yoast_head_json":{"title":"Statuts de l'association sans but lucratif \u00ab Amicale des anciens membres et salari\u00e9s de la CSL \u00bb - Chambre des salari\u00e9s - CSL","robots":{"index":"index","follow":"follow","max-snippet":"max-snippet:-1","max-image-preview":"max-image-preview:large","max-video-preview":"max-video-preview:-1"},"canonical":"https:\/\/www.csl.lu\/fr\/statuts-de-lassociation-sans-but-lucratif-amicale-des-anciens-membres-et-salaries-de-la-csl\/","og_locale":"fr_FR","og_type":"article","og_title":"Statuts de l'association sans but lucratif \u00ab Amicale des anciens membres et salari\u00e9s de la CSL \u00bb - Chambre des salari\u00e9s - CSL","og_description":"Il n\u2019y a pas d\u2019extrait, car cette publication est prot\u00e9g\u00e9e.","og_url":"https:\/\/www.csl.lu\/fr\/statuts-de-lassociation-sans-but-lucratif-amicale-des-anciens-membres-et-salaries-de-la-csl\/","og_site_name":"Chambre des salari\u00e9s - CSL","article_modified_time":"2026-02-10T09:57:30+00:00","twitter_card":"summary_large_image","twitter_image":"https:\/\/www.csl.lu\/app\/themes\/csl\/img\/csl_defaut_photo_batiment.jpg","schema":{"@context":"https:\/\/schema.org","@graph":[{"@type":"WebPage","@id":"https:\/\/www.csl.lu\/fr\/statuts-de-lassociation-sans-but-lucratif-amicale-des-anciens-membres-et-salaries-de-la-csl\/","url":"https:\/\/www.csl.lu\/fr\/statuts-de-lassociation-sans-but-lucratif-amicale-des-anciens-membres-et-salaries-de-la-csl\/","name":"Statuts de l'association sans but lucratif \u00ab Amicale des anciens membres et salari\u00e9s de la CSL \u00bb - Chambre des salari\u00e9s - CSL","isPartOf":{"@id":"https:\/\/www.csl.lu\/fr\/#website"},"datePublished":"2026-01-14T13:06:18+00:00","dateModified":"2026-02-10T09:57:30+00:00","breadcrumb":{"@id":"https:\/\/www.csl.lu\/fr\/statuts-de-lassociation-sans-but-lucratif-amicale-des-anciens-membres-et-salaries-de-la-csl\/#breadcrumb"},"inLanguage":"fr-FR"},{"@type":"WebSite","@id":"https:\/\/www.csl.lu\/fr\/#website","url":"https:\/\/www.csl.lu\/fr\/","name":"Chambre des salari\u00e9s - CSL","description":"La CSL d\u00e9fend les int\u00e9r\u00eats des salari\u00e9s et des retrait\u00e9s","potentialAction":[{"@type":"SearchAction","target":{"@type":"EntryPoint","urlTemplate":"https:\/\/www.csl.lu\/fr\/?s={search_term_string}"},"query-input":{"@type":"PropertyValueSpecification","valueRequired":true,"valueName":"search_term_string"}}],"inLanguage":"fr-FR"}]}},"_links":{"self":[{"href":"https:\/\/www.csl.lu\/fr\/wp-json\/wp\/v2\/pages\/121351","targetHints":{"allow":["GET"]}}],"collection":[{"href":"https:\/\/www.csl.lu\/fr\/wp-json\/wp\/v2\/pages"}],"about":[{"href":"https:\/\/www.csl.lu\/fr\/wp-json\/wp\/v2\/types\/page"}],"author":[{"embeddable":true,"href":"https:\/\/www.csl.lu\/fr\/wp-json\/wp\/v2\/users\/13"}],"replies":[{"embeddable":true,"href":"https:\/\/www.csl.lu\/fr\/wp-json\/wp\/v2\/comments?post=121351"}],"version-history":[{"count":42,"href":"https:\/\/www.csl.lu\/fr\/wp-json\/wp\/v2\/pages\/121351\/revisions"}],"predecessor-version":[{"id":122316,"href":"https:\/\/www.csl.lu\/fr\/wp-json\/wp\/v2\/pages\/121351\/revisions\/122316"}],"wp:attachment":[{"href":"https:\/\/www.csl.lu\/fr\/wp-json\/wp\/v2\/media?parent=121351"}],"curies":[{"name":"wp","href":"https:\/\/api.w.org\/{rel}","templated":true}]}}