{"id":28519,"date":"2021-04-06T15:22:18","date_gmt":"2021-04-06T13:22:18","guid":{"rendered":"https:\/\/www.csl.lu\/?page_id=28519"},"modified":"2021-04-06T15:26:19","modified_gmt":"2021-04-06T13:26:19","slug":"formulaire-de-demande-de-brochure-exemple","status":"publish","type":"page","link":"https:\/\/www.csl.lu\/fr\/lllc\/formulaire-de-demande-de-brochure-exemple\/","title":{"rendered":"Formulaire de demande de brochure &#8211; exemple"},"content":{"rendered":"<h1>Exemple de formulaire de demande de brochure<\/h1>\n<p>Donec urna erat, aliquet sit amet mauris in, feugiat gravida lorem. Nunc rhoncus nulla nec eleifend tempus. Quisque luctus, dolor non ornare suscipit, massa odio blandit arcu, et blandit augue metus nec sapien. Vestibulum fermentum velit ipsum, id auctor nisi varius eget. Quisque ultrices volutpat sapien at aliquet. Etiam enim elit, vestibulum a facilisis ac, gravida quis ante. Praesent sit amet felis sem.<\/p>\n<p>Donec urna erat, aliquet sit amet mauris in, feugiat gravida lorem. Nunc rhoncus nulla nec eleifend tempus. Quisque luctus, dolor non ornare suscipit, massa odio blandit arcu, et blandit augue metus nec sapien. Vestibulum fermentum velit ipsum, id auctor nisi varius eget. Quisque ultrices volutpat sapien at aliquet. Etiam enim elit, vestibulum a facilisis ac, gravida quis ante. Praesent sit amet felis sem.<\/p>\n","protected":false},"excerpt":{"rendered":"<p>Exemple de formulaire de demande de brochure Donec urna erat, aliquet sit amet mauris in, feugiat gravida lorem. Nunc rhoncus nulla nec eleifend tempus. Quisque luctus, dolor non ornare suscipit, [&hellip;]<\/p>\n","protected":false},"author":1,"featured_media":0,"parent":1046,"menu_order":15,"comment_status":"closed","ping_status":"closed","template":"template-lllc_demande_de_brochure.php","meta":{"_acf_changed":false,"_tec_requires_first_save":true,"inline_featured_image":false,"_price":"","_stock":"","_tribe_ticket_header":"","_tribe_default_ticket_provider":"","_tribe_ticket_capacity":"0","_ticket_start_date":"","_ticket_end_date":"","_tribe_ticket_show_description":"","_tribe_ticket_show_not_going":false,"_tribe_ticket_use_global_stock":"","_tribe_ticket_global_stock_level":"","_global_stock_mode":"","_global_stock_cap":"","_tribe_rsvp_for_event":"","_tribe_ticket_going_count":"","_tribe_ticket_not_going_count":"","_tribe_tickets_list":"[]","_tribe_ticket_has_attendee_info_fields":false,"_EventAllDay":false,"_EventTimezone":"","_EventStartDate":"","_EventEndDate":"","_EventStartDateUTC":"","_EventEndDateUTC":"","_EventShowMap":false,"_EventShowMapLink":false,"_EventURL":"","_EventCost":"","_EventCostDescription":"","_EventCurrencySymbol":"","_EventCurrencyCode":"","_EventCurrencyPosition":"","_EventDateTimeSeparator":"","_EventTimeRangeSeparator":"","_EventOrganizerID":[],"_EventVenueID":[],"_OrganizerEmail":"","_OrganizerPhone":"","_OrganizerWebsite":"","_VenueAddress":"","_VenueCity":"","_VenueCountry":"","_VenueProvince":"","_VenueState":"","_VenueZip":"","_VenuePhone":"","_VenueURL":"","_VenueStateProvince":"","_VenueLat":"","_VenueLng":"","_VenueShowMap":false,"_VenueShowMapLink":false,"_tribe_blocks_recurrence_rules":"","_tribe_blocks_recurrence_description":"","_tribe_blocks_recurrence_exclusions":"","footnotes":""},"class_list":["post-28519","page","type-page","status-publish","hentry","page_site-lllc"],"acf":[],"yoast_head":"<!-- This site is optimized with the Yoast SEO plugin v27.4 - https:\/\/yoast.com\/product\/yoast-seo-wordpress\/ -->\n<title>Formulaire de demande de brochure - exemple - Chambre des salari\u00e9s - CSL<\/title>\n<meta name=\"robots\" content=\"index, follow, max-snippet:-1, max-image-preview:large, max-video-preview:-1\" \/>\n<link rel=\"canonical\" href=\"https:\/\/www.csl.lu\/fr\/lllc\/formulaire-de-demande-de-brochure-exemple\/\" \/>\n<meta property=\"og:locale\" content=\"fr_FR\" \/>\n<meta property=\"og:type\" content=\"article\" \/>\n<meta property=\"og:title\" content=\"Formulaire de demande de brochure - exemple - Chambre des salari\u00e9s - CSL\" \/>\n<meta property=\"og:description\" content=\"Exemple de formulaire de demande de brochure Donec urna erat, aliquet sit amet mauris in, feugiat gravida lorem. Nunc rhoncus nulla nec eleifend tempus. Quisque luctus, dolor non ornare suscipit, [&hellip;]\" \/>\n<meta property=\"og:url\" content=\"https:\/\/www.csl.lu\/fr\/lllc\/formulaire-de-demande-de-brochure-exemple\/\" \/>\n<meta property=\"og:site_name\" content=\"Chambre des salari\u00e9s - CSL\" \/>\n<meta property=\"article:modified_time\" content=\"2021-04-06T13:26:19+00:00\" \/>\n<meta property=\"og:image\" content=\"https:\/\/www.csl.lu\/app\/themes\/csl\/img\/csl_defaut_photo_batiment.jpg\" \/>\n<meta name=\"twitter:card\" content=\"summary_large_image\" \/>\n<meta name=\"twitter:image\" content=\"https:\/\/www.csl.lu\/app\/themes\/csl\/img\/csl_defaut_photo_batiment.jpg\" \/>\n<meta name=\"twitter:label1\" content=\"Est. reading time\" \/>\n\t<meta name=\"twitter:data1\" content=\"1 minute\" \/>\n<script type=\"application\/ld+json\" class=\"yoast-schema-graph\">{\"@context\":\"https:\\\/\\\/schema.org\",\"@graph\":[{\"@type\":\"WebPage\",\"@id\":\"https:\\\/\\\/www.csl.lu\\\/fr\\\/lllc\\\/formulaire-de-demande-de-brochure-exemple\\\/\",\"url\":\"https:\\\/\\\/www.csl.lu\\\/fr\\\/lllc\\\/formulaire-de-demande-de-brochure-exemple\\\/\",\"name\":\"Formulaire de demande de brochure - exemple - Chambre des salari\u00e9s - CSL\",\"isPartOf\":{\"@id\":\"https:\\\/\\\/www.csl.lu\\\/fr\\\/#website\"},\"datePublished\":\"2021-04-06T13:22:18+00:00\",\"dateModified\":\"2021-04-06T13:26:19+00:00\",\"breadcrumb\":{\"@id\":\"https:\\\/\\\/www.csl.lu\\\/fr\\\/lllc\\\/formulaire-de-demande-de-brochure-exemple\\\/#breadcrumb\"},\"inLanguage\":\"fr-FR\",\"potentialAction\":[{\"@type\":\"ReadAction\",\"target\":[\"https:\\\/\\\/www.csl.lu\\\/fr\\\/lllc\\\/formulaire-de-demande-de-brochure-exemple\\\/\"]}]},{\"@type\":\"BreadcrumbList\",\"@id\":\"https:\\\/\\\/www.csl.lu\\\/fr\\\/lllc\\\/formulaire-de-demande-de-brochure-exemple\\\/#breadcrumb\",\"itemListElement\":[{\"@type\":\"ListItem\",\"position\":1,\"name\":\"Accueil\",\"item\":\"https:\\\/\\\/www.csl.lu\\\/fr\\\/\"},{\"@type\":\"ListItem\",\"position\":2,\"name\":\"LLLC\",\"item\":\"https:\\\/\\\/www.csl.lu\\\/fr\\\/lllc\\\/\"},{\"@type\":\"ListItem\",\"position\":3,\"name\":\"Formulaire de demande de brochure &#8211; exemple\"}]},{\"@type\":\"WebSite\",\"@id\":\"https:\\\/\\\/www.csl.lu\\\/fr\\\/#website\",\"url\":\"https:\\\/\\\/www.csl.lu\\\/fr\\\/\",\"name\":\"Chambre des salari\u00e9s - CSL\",\"description\":\"La CSL d\u00e9fend les int\u00e9r\u00eats des salari\u00e9s et des retrait\u00e9s\",\"potentialAction\":[{\"@type\":\"SearchAction\",\"target\":{\"@type\":\"EntryPoint\",\"urlTemplate\":\"https:\\\/\\\/www.csl.lu\\\/fr\\\/?s={search_term_string}\"},\"query-input\":{\"@type\":\"PropertyValueSpecification\",\"valueRequired\":true,\"valueName\":\"search_term_string\"}}],\"inLanguage\":\"fr-FR\"}]}<\/script>\n<!-- \/ Yoast SEO plugin. -->","yoast_head_json":{"title":"Formulaire de demande de brochure - exemple - Chambre des salari\u00e9s - CSL","robots":{"index":"index","follow":"follow","max-snippet":"max-snippet:-1","max-image-preview":"max-image-preview:large","max-video-preview":"max-video-preview:-1"},"canonical":"https:\/\/www.csl.lu\/fr\/lllc\/formulaire-de-demande-de-brochure-exemple\/","og_locale":"fr_FR","og_type":"article","og_title":"Formulaire de demande de brochure - exemple - Chambre des salari\u00e9s - CSL","og_description":"Exemple de formulaire de demande de brochure Donec urna erat, aliquet sit amet mauris in, feugiat gravida lorem. Nunc rhoncus nulla nec eleifend tempus. Quisque luctus, dolor non ornare suscipit, [&hellip;]","og_url":"https:\/\/www.csl.lu\/fr\/lllc\/formulaire-de-demande-de-brochure-exemple\/","og_site_name":"Chambre des salari\u00e9s - CSL","article_modified_time":"2021-04-06T13:26:19+00:00","og_image":[{"url":"https:\/\/www.csl.lu\/app\/themes\/csl\/img\/csl_defaut_photo_batiment.jpg","type":"","width":"","height":""}],"twitter_card":"summary_large_image","twitter_image":"https:\/\/www.csl.lu\/app\/themes\/csl\/img\/csl_defaut_photo_batiment.jpg","twitter_misc":{"Est. reading time":"1 minute"},"schema":{"@context":"https:\/\/schema.org","@graph":[{"@type":"WebPage","@id":"https:\/\/www.csl.lu\/fr\/lllc\/formulaire-de-demande-de-brochure-exemple\/","url":"https:\/\/www.csl.lu\/fr\/lllc\/formulaire-de-demande-de-brochure-exemple\/","name":"Formulaire de demande de brochure - exemple - Chambre des salari\u00e9s - CSL","isPartOf":{"@id":"https:\/\/www.csl.lu\/fr\/#website"},"datePublished":"2021-04-06T13:22:18+00:00","dateModified":"2021-04-06T13:26:19+00:00","breadcrumb":{"@id":"https:\/\/www.csl.lu\/fr\/lllc\/formulaire-de-demande-de-brochure-exemple\/#breadcrumb"},"inLanguage":"fr-FR","potentialAction":[{"@type":"ReadAction","target":["https:\/\/www.csl.lu\/fr\/lllc\/formulaire-de-demande-de-brochure-exemple\/"]}]},{"@type":"BreadcrumbList","@id":"https:\/\/www.csl.lu\/fr\/lllc\/formulaire-de-demande-de-brochure-exemple\/#breadcrumb","itemListElement":[{"@type":"ListItem","position":1,"name":"Accueil","item":"https:\/\/www.csl.lu\/fr\/"},{"@type":"ListItem","position":2,"name":"LLLC","item":"https:\/\/www.csl.lu\/fr\/lllc\/"},{"@type":"ListItem","position":3,"name":"Formulaire de demande de brochure &#8211; exemple"}]},{"@type":"WebSite","@id":"https:\/\/www.csl.lu\/fr\/#website","url":"https:\/\/www.csl.lu\/fr\/","name":"Chambre des salari\u00e9s - CSL","description":"La CSL d\u00e9fend les int\u00e9r\u00eats des salari\u00e9s et des retrait\u00e9s","potentialAction":[{"@type":"SearchAction","target":{"@type":"EntryPoint","urlTemplate":"https:\/\/www.csl.lu\/fr\/?s={search_term_string}"},"query-input":{"@type":"PropertyValueSpecification","valueRequired":true,"valueName":"search_term_string"}}],"inLanguage":"fr-FR"}]}},"_links":{"self":[{"href":"https:\/\/www.csl.lu\/fr\/wp-json\/wp\/v2\/pages\/28519","targetHints":{"allow":["GET"]}}],"collection":[{"href":"https:\/\/www.csl.lu\/fr\/wp-json\/wp\/v2\/pages"}],"about":[{"href":"https:\/\/www.csl.lu\/fr\/wp-json\/wp\/v2\/types\/page"}],"author":[{"embeddable":true,"href":"https:\/\/www.csl.lu\/fr\/wp-json\/wp\/v2\/users\/1"}],"replies":[{"embeddable":true,"href":"https:\/\/www.csl.lu\/fr\/wp-json\/wp\/v2\/comments?post=28519"}],"version-history":[{"count":0,"href":"https:\/\/www.csl.lu\/fr\/wp-json\/wp\/v2\/pages\/28519\/revisions"}],"up":[{"embeddable":true,"href":"https:\/\/www.csl.lu\/fr\/wp-json\/wp\/v2\/pages\/1046"}],"wp:attachment":[{"href":"https:\/\/www.csl.lu\/fr\/wp-json\/wp\/v2\/media?parent=28519"}],"curies":[{"name":"wp","href":"https:\/\/api.w.org\/{rel}","templated":true}]}}