{"id":5570,"date":"2020-04-14T15:00:18","date_gmt":"2020-04-14T13:00:18","guid":{"rendered":"https:\/\/www.csl.lu\/?page_id=5570"},"modified":"2022-08-26T09:47:59","modified_gmt":"2022-08-26T07:47:59","slug":"formation-professionnelle-initiale","status":"publish","type":"page","link":"https:\/\/www.csl.lu\/fr\/vos-droits\/jeunes\/formation-professionnelle-initiale\/","title":{"rendered":"Formation professionnelle initiale"},"content":{"rendered":"","protected":false},"excerpt":{"rendered":"","protected":false},"author":1,"featured_media":5399,"parent":1779,"menu_order":3,"comment_status":"closed","ping_status":"closed","template":"template-parent.php","meta":{"_acf_changed":false,"_tec_requires_first_save":true,"inline_featured_image":false,"_price":"","_stock":"","_tribe_ticket_header":"","_tribe_default_ticket_provider":"","_tribe_ticket_capacity":"0","_ticket_start_date":"","_ticket_end_date":"","_tribe_ticket_show_description":"","_tribe_ticket_show_not_going":false,"_tribe_ticket_use_global_stock":"","_tribe_ticket_global_stock_level":"","_global_stock_mode":"","_global_stock_cap":"","_tribe_rsvp_for_event":"","_tribe_ticket_going_count":"","_tribe_ticket_not_going_count":"","_tribe_tickets_list":"[]","_tribe_ticket_has_attendee_info_fields":false,"_EventAllDay":false,"_EventTimezone":"","_EventStartDate":"","_EventEndDate":"","_EventStartDateUTC":"","_EventEndDateUTC":"","_EventShowMap":false,"_EventShowMapLink":false,"_EventURL":"","_EventCost":"","_EventCostDescription":"","_EventCurrencySymbol":"","_EventCurrencyCode":"","_EventCurrencyPosition":"","_EventDateTimeSeparator":"","_EventTimeRangeSeparator":"","_EventOrganizerID":[],"_EventVenueID":[],"_OrganizerEmail":"","_OrganizerPhone":"","_OrganizerWebsite":"","_VenueAddress":"","_VenueCity":"","_VenueCountry":"","_VenueProvince":"","_VenueState":"","_VenueZip":"","_VenuePhone":"","_VenueURL":"","_VenueStateProvince":"","_VenueLat":"","_VenueLng":"","_VenueShowMap":false,"_VenueShowMapLink":false,"_tribe_blocks_recurrence_rules":"","_tribe_blocks_recurrence_description":"","_tribe_blocks_recurrence_exclusions":"","footnotes":""},"class_list":["post-5570","page","type-page","status-publish","has-post-thumbnail","hentry","page_site-csl","page_site-lllc"],"acf":[],"yoast_head":"<!-- This site is optimized with the Yoast SEO plugin v27.2 - https:\/\/yoast.com\/product\/yoast-seo-wordpress\/ -->\n<title>Formation professionnelle initiale - Chambre des salari\u00e9s - CSL<\/title>\n<meta name=\"robots\" content=\"index, follow, max-snippet:-1, max-image-preview:large, max-video-preview:-1\" \/>\n<link rel=\"canonical\" href=\"https:\/\/www.csl.lu\/fr\/vos-droits\/jeunes\/formation-professionnelle-initiale\/\" \/>\n<meta property=\"og:locale\" content=\"fr_FR\" \/>\n<meta property=\"og:type\" content=\"article\" \/>\n<meta property=\"og:title\" content=\"Formation professionnelle initiale - Chambre des salari\u00e9s - CSL\" \/>\n<meta property=\"og:url\" content=\"https:\/\/www.csl.lu\/fr\/vos-droits\/jeunes\/formation-professionnelle-initiale\/\" \/>\n<meta property=\"og:site_name\" content=\"Chambre des salari\u00e9s - CSL\" \/>\n<meta property=\"article:modified_time\" content=\"2022-08-26T07:47:59+00:00\" \/>\n<meta property=\"og:image\" content=\"https:\/\/www.csl.lu\/app\/uploads\/2020\/03\/adobestock_235367950-scaled-e1615967127687.jpeg\" \/>\n<meta name=\"twitter:card\" content=\"summary_large_image\" \/>\n<meta name=\"twitter:image\" content=\"https:\/\/www.csl.lu\/app\/uploads\/2020\/03\/adobestock_235367950-scaled-e1615967127687.jpeg\" \/>\n<script type=\"application\/ld+json\" class=\"yoast-schema-graph\">{\"@context\":\"https:\/\/schema.org\",\"@graph\":[{\"@type\":\"WebPage\",\"@id\":\"https:\/\/www.csl.lu\/fr\/vos-droits\/jeunes\/formation-professionnelle-initiale\/\",\"url\":\"https:\/\/www.csl.lu\/fr\/vos-droits\/jeunes\/formation-professionnelle-initiale\/\",\"name\":\"Formation professionnelle initiale - Chambre des salari\u00e9s - CSL\",\"isPartOf\":{\"@id\":\"https:\/\/www.csl.lu\/fr\/#website\"},\"primaryImageOfPage\":{\"@id\":\"https:\/\/www.csl.lu\/fr\/vos-droits\/jeunes\/formation-professionnelle-initiale\/#primaryimage\"},\"image\":{\"@id\":\"https:\/\/www.csl.lu\/fr\/vos-droits\/jeunes\/formation-professionnelle-initiale\/#primaryimage\"},\"thumbnailUrl\":\"https:\/\/www.csl.lu\/app\/uploads\/2020\/03\/adobestock_235367950-scaled-e1615967127687.jpeg\",\"datePublished\":\"2020-04-14T13:00:18+00:00\",\"dateModified\":\"2022-08-26T07:47:59+00:00\",\"breadcrumb\":{\"@id\":\"https:\/\/www.csl.lu\/fr\/vos-droits\/jeunes\/formation-professionnelle-initiale\/#breadcrumb\"},\"inLanguage\":\"fr-FR\",\"potentialAction\":[{\"@type\":\"ReadAction\",\"target\":[\"https:\/\/www.csl.lu\/fr\/vos-droits\/jeunes\/formation-professionnelle-initiale\/\"]}]},{\"@type\":\"ImageObject\",\"inLanguage\":\"fr-FR\",\"@id\":\"https:\/\/www.csl.lu\/fr\/vos-droits\/jeunes\/formation-professionnelle-initiale\/#primaryimage\",\"url\":\"https:\/\/www.csl.lu\/app\/uploads\/2020\/03\/adobestock_235367950-scaled-e1615967127687.jpeg\",\"contentUrl\":\"https:\/\/www.csl.lu\/app\/uploads\/2020\/03\/adobestock_235367950-scaled-e1615967127687.jpeg\",\"width\":1482,\"height\":1186,\"caption\":\"Business people happy showing team work and giving five in office. Teamwork concepts.\"},{\"@type\":\"BreadcrumbList\",\"@id\":\"https:\/\/www.csl.lu\/fr\/vos-droits\/jeunes\/formation-professionnelle-initiale\/#breadcrumb\",\"itemListElement\":[{\"@type\":\"ListItem\",\"position\":1,\"name\":\"Accueil\",\"item\":\"https:\/\/www.csl.lu\/fr\/\"},{\"@type\":\"ListItem\",\"position\":2,\"name\":\"Vos droits\",\"item\":\"https:\/\/www.csl.lu\/fr\/vos-droits\/\"},{\"@type\":\"ListItem\",\"position\":3,\"name\":\"Jeunes\",\"item\":\"https:\/\/www.csl.lu\/fr\/vos-droits\/jeunes\/\"},{\"@type\":\"ListItem\",\"position\":4,\"name\":\"Formation professionnelle initiale\"}]},{\"@type\":\"WebSite\",\"@id\":\"https:\/\/www.csl.lu\/fr\/#website\",\"url\":\"https:\/\/www.csl.lu\/fr\/\",\"name\":\"Chambre des salari\u00e9s - CSL\",\"description\":\"La CSL d\u00e9fend les int\u00e9r\u00eats des salari\u00e9s et des retrait\u00e9s\",\"potentialAction\":[{\"@type\":\"SearchAction\",\"target\":{\"@type\":\"EntryPoint\",\"urlTemplate\":\"https:\/\/www.csl.lu\/fr\/?s={search_term_string}\"},\"query-input\":{\"@type\":\"PropertyValueSpecification\",\"valueRequired\":true,\"valueName\":\"search_term_string\"}}],\"inLanguage\":\"fr-FR\"}]}<\/script>\n<!-- \/ Yoast SEO plugin. -->","yoast_head_json":{"title":"Formation professionnelle initiale - Chambre des salari\u00e9s - CSL","robots":{"index":"index","follow":"follow","max-snippet":"max-snippet:-1","max-image-preview":"max-image-preview:large","max-video-preview":"max-video-preview:-1"},"canonical":"https:\/\/www.csl.lu\/fr\/vos-droits\/jeunes\/formation-professionnelle-initiale\/","og_locale":"fr_FR","og_type":"article","og_title":"Formation professionnelle initiale - Chambre des salari\u00e9s - CSL","og_url":"https:\/\/www.csl.lu\/fr\/vos-droits\/jeunes\/formation-professionnelle-initiale\/","og_site_name":"Chambre des salari\u00e9s - CSL","article_modified_time":"2022-08-26T07:47:59+00:00","og_image":[{"url":"https:\/\/www.csl.lu\/app\/uploads\/2020\/03\/adobestock_235367950-scaled-e1615967127687.jpeg","type":"","width":"","height":""}],"twitter_card":"summary_large_image","twitter_image":"https:\/\/www.csl.lu\/app\/uploads\/2020\/03\/adobestock_235367950-scaled-e1615967127687.jpeg","schema":{"@context":"https:\/\/schema.org","@graph":[{"@type":"WebPage","@id":"https:\/\/www.csl.lu\/fr\/vos-droits\/jeunes\/formation-professionnelle-initiale\/","url":"https:\/\/www.csl.lu\/fr\/vos-droits\/jeunes\/formation-professionnelle-initiale\/","name":"Formation professionnelle initiale - Chambre des salari\u00e9s - CSL","isPartOf":{"@id":"https:\/\/www.csl.lu\/fr\/#website"},"primaryImageOfPage":{"@id":"https:\/\/www.csl.lu\/fr\/vos-droits\/jeunes\/formation-professionnelle-initiale\/#primaryimage"},"image":{"@id":"https:\/\/www.csl.lu\/fr\/vos-droits\/jeunes\/formation-professionnelle-initiale\/#primaryimage"},"thumbnailUrl":"https:\/\/www.csl.lu\/app\/uploads\/2020\/03\/adobestock_235367950-scaled-e1615967127687.jpeg","datePublished":"2020-04-14T13:00:18+00:00","dateModified":"2022-08-26T07:47:59+00:00","breadcrumb":{"@id":"https:\/\/www.csl.lu\/fr\/vos-droits\/jeunes\/formation-professionnelle-initiale\/#breadcrumb"},"inLanguage":"fr-FR","potentialAction":[{"@type":"ReadAction","target":["https:\/\/www.csl.lu\/fr\/vos-droits\/jeunes\/formation-professionnelle-initiale\/"]}]},{"@type":"ImageObject","inLanguage":"fr-FR","@id":"https:\/\/www.csl.lu\/fr\/vos-droits\/jeunes\/formation-professionnelle-initiale\/#primaryimage","url":"https:\/\/www.csl.lu\/app\/uploads\/2020\/03\/adobestock_235367950-scaled-e1615967127687.jpeg","contentUrl":"https:\/\/www.csl.lu\/app\/uploads\/2020\/03\/adobestock_235367950-scaled-e1615967127687.jpeg","width":1482,"height":1186,"caption":"Business people happy showing team work and giving five in office. Teamwork concepts."},{"@type":"BreadcrumbList","@id":"https:\/\/www.csl.lu\/fr\/vos-droits\/jeunes\/formation-professionnelle-initiale\/#breadcrumb","itemListElement":[{"@type":"ListItem","position":1,"name":"Accueil","item":"https:\/\/www.csl.lu\/fr\/"},{"@type":"ListItem","position":2,"name":"Vos droits","item":"https:\/\/www.csl.lu\/fr\/vos-droits\/"},{"@type":"ListItem","position":3,"name":"Jeunes","item":"https:\/\/www.csl.lu\/fr\/vos-droits\/jeunes\/"},{"@type":"ListItem","position":4,"name":"Formation professionnelle initiale"}]},{"@type":"WebSite","@id":"https:\/\/www.csl.lu\/fr\/#website","url":"https:\/\/www.csl.lu\/fr\/","name":"Chambre des salari\u00e9s - CSL","description":"La CSL d\u00e9fend les int\u00e9r\u00eats des salari\u00e9s et des retrait\u00e9s","potentialAction":[{"@type":"SearchAction","target":{"@type":"EntryPoint","urlTemplate":"https:\/\/www.csl.lu\/fr\/?s={search_term_string}"},"query-input":{"@type":"PropertyValueSpecification","valueRequired":true,"valueName":"search_term_string"}}],"inLanguage":"fr-FR"}]}},"_links":{"self":[{"href":"https:\/\/www.csl.lu\/fr\/wp-json\/wp\/v2\/pages\/5570","targetHints":{"allow":["GET"]}}],"collection":[{"href":"https:\/\/www.csl.lu\/fr\/wp-json\/wp\/v2\/pages"}],"about":[{"href":"https:\/\/www.csl.lu\/fr\/wp-json\/wp\/v2\/types\/page"}],"author":[{"embeddable":true,"href":"https:\/\/www.csl.lu\/fr\/wp-json\/wp\/v2\/users\/1"}],"replies":[{"embeddable":true,"href":"https:\/\/www.csl.lu\/fr\/wp-json\/wp\/v2\/comments?post=5570"}],"version-history":[{"count":0,"href":"https:\/\/www.csl.lu\/fr\/wp-json\/wp\/v2\/pages\/5570\/revisions"}],"up":[{"embeddable":true,"href":"https:\/\/www.csl.lu\/fr\/wp-json\/wp\/v2\/pages\/1779"}],"wp:featuredmedia":[{"embeddable":true,"href":"https:\/\/www.csl.lu\/fr\/wp-json\/wp\/v2\/media\/5399"}],"wp:attachment":[{"href":"https:\/\/www.csl.lu\/fr\/wp-json\/wp\/v2\/media?parent=5570"}],"curies":[{"name":"wp","href":"https:\/\/api.w.org\/{rel}","templated":true}]}}